{"id":53842,"date":"2021-05-17T12:04:58","date_gmt":"2021-05-17T10:04:58","guid":{"rendered":"https:\/\/premiumfragrances.eu\/?post_type=product&#038;p=53842"},"modified":"2025-08-07T22:42:22","modified_gmt":"2025-08-07T20:42:22","slug":"apple","status":"publish","type":"product","link":"https:\/\/premiumfragrances.eu\/en\/product\/apple\/","title":{"rendered":"GREEN APPLE, Tart crunch"},"content":{"rendered":"<p><strong>Delivery within 48 hours<\/strong> *orders placed before 10 a.m. on business days<\/p>\n<h3>Sweet nuance<\/h3>\n<h3>\ud83c\udf4f Une fra\u00eecheur juteuse et verte<\/h3>\n<p>Le parfum <em>Pomme Verte<\/em> d\u00e9voile la vivacit\u00e9 p\u00e9tillante d\u2019une composition fruit\u00e9e et \u00e9clatante. L\u2019ouverture r\u00e9v\u00e8le des notes fruit\u00e9es \u00e9clatantes, rappelant la morsure acidul\u00e9e d\u2019une pomme croquante \u00e0 la chair d\u00e9salt\u00e9rante. Le c\u0153ur s\u2019\u00e9panouit autour de la douceur velout\u00e9e de la p\u00eache, apportant une nuance tendre et sucr\u00e9e qui adoucit la composition. Enfin, le fond se pare de la d\u00e9licatesse soyeuse du musc, prolongeant la fragrance dans une atmosph\u00e8re moderne et lumineuse.<\/p>\n<h3>Pyramide olfactive \u2013 Senteur juteuse<\/h3>\n<ul>\n<li>Ouverture fruit\u00e9e et acidul\u00e9e, \u00e9clat frais de notes vertes et fruit\u00e9es<\/li>\n<li>C\u0153ur tendre et velout\u00e9, douceur juteuse de la p\u00eache<\/li>\n<li>Fond doux et soyeux, subtilit\u00e9 d\u00e9licate du musc<\/li>\n<\/ul>\n<p>Une construction olfactive fra\u00eeche et moderne, entre \u00e9clat fruit\u00e9, douceur velout\u00e9e et sensualit\u00e9 musqu\u00e9e, parfaite pour instaurer une atmosph\u00e8re tonique et vivifiante.<\/p>\n<h3>Pour quels espaces ?<\/h3>\n<p>Ce parfum s\u2019int\u00e8gre parfaitement dans :<\/p>\n<ul>\n<li>Des caf\u00e9s modernes ou bars \u00e0 jus, cherchant une ambiance vitamin\u00e9e et p\u00e9tillante<\/li>\n<li>Des boutiques de v\u00eatements jeunes ou casual, pour instaurer une ambiance fra\u00eeche et contemporaine<\/li>\n<li>Des salles d\u2019attente modernes ou m\u00e9dicales, souhaitant une ambiance l\u00e9g\u00e8re et rassurante<\/li>\n<\/ul>\n<h3><strong>Available Formats<\/strong><\/h3>\n<ul>\n<li>100 ml (discovery size)<\/li>\n<li>500 ml, 1 L, 5 L (refills for intensive or professional use)<\/li>\n<\/ul>\n<p>\ud83d\udca1 Compatible with our electric micro-nebulizing diffusers for a dry and even diffusion.<\/p>\n<h3><strong>Quality &amp; Manufacturing<\/strong><\/h3>\n<ul>\n<li><strong>Designed in Grasse<\/strong>, the global cradle of perfumery and olfactory excellence<\/li>\n<li><strong>Made in France<\/strong>, following strict standards of quality and safety<\/li>\n<li><strong>Concentrated formula<\/strong>, created for long-lasting and enveloping diffusion<\/li>\n<li>A formulation combining <strong>technical precision and olfactory sensitivity<\/strong><\/li>\n<\/ul>\n<h3><strong>Our Commitments<\/strong><\/h3>\n<ul>\n<li><strong>Personalized customer support<\/strong><br \/>\n<em>Have a question or a specific need? Our team is here to assist you before and after your purchase.<\/em><\/li>\n<li><strong>Secure payment<\/strong><br \/>\n<em>Your transactions are protected through certified and encrypted payment solutions.<\/em><\/li>\n<li><strong>Local production &amp; short supply chains<\/strong><br \/>\n<em>Our fragrances are designed, formulated, and manufactured in France, with a focus on proximity and quality.<\/em><strong>Compliance with European regulations (IFRA, CLP, UFI)<\/strong><br \/>\n<em>All our products meet current standards to ensure safety for users and public spaces.<\/em><\/li>\n<\/ul>\n","protected":false},"excerpt":{"rendered":"<p>Fruity fragrances<\/p>\n","protected":false},"featured_media":66849,"template":"","meta":[],"product_brand":[],"product_cat":[1760,1230,1601],"product_tag":[1645,1145,1644],"class_list":{"0":"post-53842","1":"product","2":"type-product","3":"status-publish","4":"has-post-thumbnail","6":"product_cat-delivery-within-48-hours","7":"product_cat-fragrances","8":"product_cat-fruity-fragrances","9":"product_tag-made-in-france","10":"product_tag-neuf-en-2","11":"product_tag-short-circuit","12":"pa_contenance-100ml-en-3","13":"pa_contenance-1l-en","14":"pa_contenance-500ml-en","15":"pa_contenance-5l-en","16":"pa_type-effets-senteur-en-3","17":"pa_type-effets-scent-for-diffuser","19":"first","20":"instock","21":"taxable","22":"shipping-taxable","23":"purchasable","24":"product-type-variable","25":"has-default-attributes"},"acf":[],"_links":{"self":[{"href":"https:\/\/premiumfragrances.eu\/en\/wp-json\/wp\/v2\/product\/53842","targetHints":{"allow":["GET"]}}],"collection":[{"href":"https:\/\/premiumfragrances.eu\/en\/wp-json\/wp\/v2\/product"}],"about":[{"href":"https:\/\/premiumfragrances.eu\/en\/wp-json\/wp\/v2\/types\/product"}],"wp:featuredmedia":[{"embeddable":true,"href":"https:\/\/premiumfragrances.eu\/en\/wp-json\/wp\/v2\/media\/66849"}],"wp:attachment":[{"href":"https:\/\/premiumfragrances.eu\/en\/wp-json\/wp\/v2\/media?parent=53842"}],"wp:term":[{"taxonomy":"product_brand","embeddable":true,"href":"https:\/\/premiumfragrances.eu\/en\/wp-json\/wp\/v2\/product_brand?post=53842"},{"taxonomy":"product_cat","embeddable":true,"href":"https:\/\/premiumfragrances.eu\/en\/wp-json\/wp\/v2\/product_cat?post=53842"},{"taxonomy":"product_tag","embeddable":true,"href":"https:\/\/premiumfragrances.eu\/en\/wp-json\/wp\/v2\/product_tag?post=53842"}],"curies":[{"name":"wp","href":"https:\/\/api.w.org\/{rel}","templated":true}]}}